{"id":8,"date":"2019-06-23T16:39:59","date_gmt":"2019-06-23T14:39:59","guid":{"rendered":"http:\/\/dubaumeaucoeur.org\/?page_id=8"},"modified":"2019-06-30T10:37:55","modified_gmt":"2019-06-30T08:37:55","slug":"accueil","status":"publish","type":"page","link":"https:\/\/dubaumeaucoeur.org\/","title":{"rendered":"Accueil"},"content":{"rendered":"<p>Bienvenue sur votre site sant\u00e9 et bien-\u00eatre! Sur ce site, nous allons aborder plusieurs th\u00e9matiques en lien avec votre bien-\u00eatre, la psychologie, la spiritualit\u00e9, et de fa\u00e7on g\u00e9n\u00e9rale, l&rsquo;Homme et son \u00e9volution physique, psychique et surtout SPIRITUEL.\u00a0<\/p>\n\n\n<p><\/p>\n","protected":false},"excerpt":{"rendered":"<p>Bienvenue sur votre site sant\u00e9 et bien-\u00eatre! Sur ce site, nous allons aborder plusieurs th\u00e9matiques en lien avec votre bien-\u00eatre, la psychologie, la spiritualit\u00e9, et de fa\u00e7on g\u00e9n\u00e9rale, l&rsquo;Homme et son \u00e9volution physique, psychique et surtout SPIRITUEL.\u00a0<\/p>\n","protected":false},"author":1,"featured_media":0,"parent":0,"menu_order":0,"comment_status":"closed","ping_status":"closed","template":"","meta":{"footnotes":""},"class_list":["post-8","page","type-page","status-publish","hentry"],"jetpack_sharing_enabled":true,"jetpack_likes_enabled":true,"_links":{"self":[{"href":"https:\/\/dubaumeaucoeur.org\/index.php?rest_route=\/wp\/v2\/pages\/8","targetHints":{"allow":["GET"]}}],"collection":[{"href":"https:\/\/dubaumeaucoeur.org\/index.php?rest_route=\/wp\/v2\/pages"}],"about":[{"href":"https:\/\/dubaumeaucoeur.org\/index.php?rest_route=\/wp\/v2\/types\/page"}],"author":[{"embeddable":true,"href":"https:\/\/dubaumeaucoeur.org\/index.php?rest_route=\/wp\/v2\/users\/1"}],"replies":[{"embeddable":true,"href":"https:\/\/dubaumeaucoeur.org\/index.php?rest_route=%2Fwp%2Fv2%2Fcomments&post=8"}],"version-history":[{"count":3,"href":"https:\/\/dubaumeaucoeur.org\/index.php?rest_route=\/wp\/v2\/pages\/8\/revisions"}],"predecessor-version":[{"id":34,"href":"https:\/\/dubaumeaucoeur.org\/index.php?rest_route=\/wp\/v2\/pages\/8\/revisions\/34"}],"wp:attachment":[{"href":"https:\/\/dubaumeaucoeur.org\/index.php?rest_route=%2Fwp%2Fv2%2Fmedia&parent=8"}],"curies":[{"name":"wp","href":"https:\/\/api.w.org\/{rel}","templated":true}]}}