{"id":9,"date":"2019-06-23T16:39:59","date_gmt":"2019-06-23T14:39:59","guid":{"rendered":"http:\/\/dubaumeaucoeur.org\/?page_id=9"},"modified":"2019-06-30T11:13:19","modified_gmt":"2019-06-30T09:13:19","slug":"a-propos-de","status":"publish","type":"page","link":"https:\/\/dubaumeaucoeur.org\/?page_id=9","title":{"rendered":"\u00c0 propos de"},"content":{"rendered":"<p>Diverses \u00e9preuves vont toucher l&rsquo;homme et auront des r\u00e9percussions sur sa sant\u00e9 en r\u00e8gle g\u00e9n\u00e9rale ainsi que sa sant\u00e9 psychique en particulier. Notre ambition est d&rsquo;apporter une r\u00e9ponse efficace, fond\u00e9e sur la spiritualit\u00e9, la foi chr\u00e9tienne.<\/p>\n","protected":false},"excerpt":{"rendered":"<p>Diverses \u00e9preuves vont toucher l&rsquo;homme et auront des r\u00e9percussions sur sa sant\u00e9 en r\u00e8gle g\u00e9n\u00e9rale ainsi que sa sant\u00e9 psychique en particulier. Notre ambition est d&rsquo;apporter une r\u00e9ponse efficace, fond\u00e9e sur la spiritualit\u00e9, la foi chr\u00e9tienne.<\/p>\n","protected":false},"author":1,"featured_media":0,"parent":0,"menu_order":0,"comment_status":"closed","ping_status":"closed","template":"","meta":{"jetpack_post_was_ever_published":false,"footnotes":""},"class_list":["post-9","page","type-page","status-publish","hentry"],"jetpack_sharing_enabled":true,"jetpack_likes_enabled":true,"_links":{"self":[{"href":"https:\/\/dubaumeaucoeur.org\/index.php?rest_route=\/wp\/v2\/pages\/9","targetHints":{"allow":["GET"]}}],"collection":[{"href":"https:\/\/dubaumeaucoeur.org\/index.php?rest_route=\/wp\/v2\/pages"}],"about":[{"href":"https:\/\/dubaumeaucoeur.org\/index.php?rest_route=\/wp\/v2\/types\/page"}],"author":[{"embeddable":true,"href":"https:\/\/dubaumeaucoeur.org\/index.php?rest_route=\/wp\/v2\/users\/1"}],"replies":[{"embeddable":true,"href":"https:\/\/dubaumeaucoeur.org\/index.php?rest_route=%2Fwp%2Fv2%2Fcomments&post=9"}],"version-history":[{"count":2,"href":"https:\/\/dubaumeaucoeur.org\/index.php?rest_route=\/wp\/v2\/pages\/9\/revisions"}],"predecessor-version":[{"id":30,"href":"https:\/\/dubaumeaucoeur.org\/index.php?rest_route=\/wp\/v2\/pages\/9\/revisions\/30"}],"wp:attachment":[{"href":"https:\/\/dubaumeaucoeur.org\/index.php?rest_route=%2Fwp%2Fv2%2Fmedia&parent=9"}],"curies":[{"name":"wp","href":"https:\/\/api.w.org\/{rel}","templated":true}]}}